{"id":1206,"date":"2024-03-27T16:37:37","date_gmt":"2024-03-27T19:37:37","guid":{"rendered":"https:\/\/seg.eti.br\/site\/?page_id=1206"},"modified":"2024-03-28T16:15:35","modified_gmt":"2024-03-28T19:15:35","slug":"ligue192app-privacidade","status":"publish","type":"page","link":"https:\/\/seg.eti.br\/site\/ligue192app-privacidade\/","title":{"rendered":"Ligue 192 VoIP &#8211; Pol\u00edtica de Privacidade"},"content":{"rendered":"\t\t<div data-elementor-type=\"wp-page\" data-elementor-id=\"1206\" class=\"elementor elementor-1206\" data-elementor-settings=\"[]\">\n\t\t\t\t\t\t<div class=\"elementor-inner\">\n\t\t\t\t\t\t\t<div class=\"elementor-section-wrap\">\n\t\t\t\t\t\t\t<section class=\"elementor-section elementor-top-section elementor-element elementor-element-41437e6 elementor-section-boxed elementor-section-height-default elementor-section-height-default\" data-id=\"41437e6\" data-element_type=\"section\">\n\t\t\t\t\t\t<div class=\"elementor-container elementor-column-gap-default\">\n\t\t\t\t\t\t\t<div class=\"elementor-row\">\n\t\t\t\t\t<div class=\"elementor-column elementor-col-50 elementor-top-column elementor-element elementor-element-2f880bf\" data-id=\"2f880bf\" data-element_type=\"column\">\n\t\t\t<div class=\"elementor-column-wrap elementor-element-populated\">\n\t\t\t\t\t\t\t<div class=\"elementor-widget-wrap\">\n\t\t\t\t\t\t<div class=\"elementor-element elementor-element-f911701 elementor-widget elementor-widget-image\" data-id=\"f911701\" data-element_type=\"widget\" data-widget_type=\"image.default\">\n\t\t\t\t<div class=\"elementor-widget-container\">\n\t\t\t\t\t<div class=\"elementor-image\">\n\t\t\t\t\t\t\t\t\t\t<img loading=\"lazy\" decoding=\"async\" width=\"300\" height=\"287\" src=\"https:\/\/seg.eti.br\/site\/wp-content\/uploads\/2023\/08\/Sem-titulo-1-300x287.png\" class=\"attachment-medium size-medium\" alt=\"\" srcset=\"https:\/\/seg.eti.br\/site\/wp-content\/uploads\/2023\/08\/Sem-titulo-1-300x287.png 300w, https:\/\/seg.eti.br\/site\/wp-content\/uploads\/2023\/08\/Sem-titulo-1-1024x978.png 1024w, https:\/\/seg.eti.br\/site\/wp-content\/uploads\/2023\/08\/Sem-titulo-1-768x734.png 768w, https:\/\/seg.eti.br\/site\/wp-content\/uploads\/2023\/08\/Sem-titulo-1-1536x1467.png 1536w, https:\/\/seg.eti.br\/site\/wp-content\/uploads\/2023\/08\/Sem-titulo-1-1200x1146.png 1200w, https:\/\/seg.eti.br\/site\/wp-content\/uploads\/2023\/08\/Sem-titulo-1.png 1696w\" sizes=\"(max-width: 300px) 100vw, 300px\" \/>\t\t\t\t\t\t\t\t\t\t\t<\/div>\n\t\t\t\t<\/div>\n\t\t\t\t<\/div>\n\t\t\t\t\t\t<\/div>\n\t\t\t\t\t<\/div>\n\t\t<\/div>\n\t\t\t\t<div class=\"elementor-column elementor-col-50 elementor-top-column elementor-element elementor-element-ffc2cd2\" data-id=\"ffc2cd2\" data-element_type=\"column\">\n\t\t\t<div class=\"elementor-column-wrap elementor-element-populated\">\n\t\t\t\t\t\t\t<div class=\"elementor-widget-wrap\">\n\t\t\t\t\t\t<div class=\"elementor-element elementor-element-7414a34 elementor-widget elementor-widget-image\" data-id=\"7414a34\" data-element_type=\"widget\" data-widget_type=\"image.default\">\n\t\t\t\t<div class=\"elementor-widget-container\">\n\t\t\t\t\t<div class=\"elementor-image\">\n\t\t\t\t\t\t\t\t\t\t<img loading=\"lazy\" decoding=\"async\" width=\"398\" height=\"151\" src=\"https:\/\/seg.eti.br\/site\/wp-content\/uploads\/2020\/10\/MARCA-\u2022-SEG-Tecnologia-1.png\" class=\"attachment-large size-large\" alt=\"\" srcset=\"https:\/\/seg.eti.br\/site\/wp-content\/uploads\/2020\/10\/MARCA-\u2022-SEG-Tecnologia-1.png 398w, https:\/\/seg.eti.br\/site\/wp-content\/uploads\/2020\/10\/MARCA-\u2022-SEG-Tecnologia-1-300x114.png 300w\" sizes=\"(max-width: 398px) 100vw, 398px\" \/>\t\t\t\t\t\t\t\t\t\t\t<\/div>\n\t\t\t\t<\/div>\n\t\t\t\t<\/div>\n\t\t\t\t\t\t<\/div>\n\t\t\t\t\t<\/div>\n\t\t<\/div>\n\t\t\t\t\t\t\t\t<\/div>\n\t\t\t\t\t<\/div>\n\t\t<\/section>\n\t\t\t\t<section class=\"elementor-section elementor-top-section elementor-element elementor-element-ce7fb86 elementor-section-boxed elementor-section-height-default elementor-section-height-default\" data-id=\"ce7fb86\" data-element_type=\"section\">\n\t\t\t\t\t\t<div class=\"elementor-container elementor-column-gap-default\">\n\t\t\t\t\t\t\t<div class=\"elementor-row\">\n\t\t\t\t\t<div class=\"elementor-column elementor-col-100 elementor-top-column elementor-element elementor-element-b03de2d\" data-id=\"b03de2d\" data-element_type=\"column\" data-settings=\"{&quot;background_background&quot;:&quot;classic&quot;}\">\n\t\t\t<div class=\"elementor-column-wrap elementor-element-populated\">\n\t\t\t\t\t\t\t<div class=\"elementor-widget-wrap\">\n\t\t\t\t\t\t<section class=\"elementor-section elementor-inner-section elementor-element elementor-element-0903cc8 elementor-section-boxed elementor-section-height-default elementor-section-height-default\" data-id=\"0903cc8\" data-element_type=\"section\">\n\t\t\t\t\t\t<div class=\"elementor-container elementor-column-gap-default\">\n\t\t\t\t\t\t\t<div class=\"elementor-row\">\n\t\t\t\t\t<div class=\"elementor-column elementor-col-100 elementor-inner-column elementor-element elementor-element-721cd28\" data-id=\"721cd28\" data-element_type=\"column\" data-settings=\"{&quot;background_background&quot;:&quot;classic&quot;}\">\n\t\t\t<div class=\"elementor-column-wrap elementor-element-populated\">\n\t\t\t\t\t\t\t<div class=\"elementor-widget-wrap\">\n\t\t\t\t\t\t<div class=\"elementor-element elementor-element-4cbc231 elementor-widget elementor-widget-heading\" data-id=\"4cbc231\" data-element_type=\"widget\" data-widget_type=\"heading.default\">\n\t\t\t\t<div class=\"elementor-widget-container\">\n\t\t\t<h2 class=\"elementor-heading-title elementor-size-default\">POL\u00cdTICA DE PRIVACIDADE<\/h2>\t\t<\/div>\n\t\t\t\t<\/div>\n\t\t\t\t\t\t<\/div>\n\t\t\t\t\t<\/div>\n\t\t<\/div>\n\t\t\t\t\t\t\t\t<\/div>\n\t\t\t\t\t<\/div>\n\t\t<\/section>\n\t\t\t\t<div class=\"elementor-element elementor-element-5d4c1f7 elementor-widget elementor-widget-text-editor\" data-id=\"5d4c1f7\" data-element_type=\"widget\" data-widget_type=\"text-editor.default\">\n\t\t\t\t<div class=\"elementor-widget-container\">\n\t\t\t\t\t<div class=\"elementor-text-editor elementor-clearfix\"><p>Ao utilizar o Aplicativo Ligue 192 Voip, o usu\u00e1rio concorda que a SEG Tecnologia colete e utilize as informa\u00e7\u00f5es pessoais fornecidas, tais como nome, n\u00famero de telefone, cidade, estado e posi\u00e7\u00e3o do GPS, exclusivamente para permitir a realiza\u00e7\u00e3o de chamadas de urg\u00eancia e emerg\u00eancia para o SAMU 192, bem como para personalizar a experi\u00eancia de uso do Aplicativo. As informa\u00e7\u00f5es ser\u00e3o armazenadas de forma segura e protegida, sendo retidas pelo tempo necess\u00e1rio para cumprir os fins para os quais foram coletadas<br \/>A SEG Tecnologia n\u00e3o compartilhar\u00e1 as informa\u00e7\u00f5es pessoais do usu\u00e1rio com terceiros, exceto quando necess\u00e1rio para a presta\u00e7\u00e3o dos servi\u00e7os do Aplicativo, atender a solicita\u00e7\u00f5es legais ou proteger seus direitos, propriedade ou seguran\u00e7a.<br \/>O usu\u00e1rio tem o direito de acessar, corrigir, atualizar ou solicitar a exclus\u00e3o de suas informa\u00e7\u00f5es pessoais acessando o menu \u201ceditar cadastro\u201d ou entrando em contato atrav\u00e9s do e-mail seg@seg.eti.br.<br \/>A SEG Tecnologia adota medidas de seguran\u00e7a adequadas para proteger as informa\u00e7\u00f5es, mas n\u00e3o pode garantir a seguran\u00e7a absoluta das mesmas. Ao utilizar o Aplicativo, o usu\u00e1rio manifesta seu consentimento com esta Pol\u00edtica de Privacidade e concorda com a coleta e uso das informa\u00e7\u00f5es pessoais conforme descrito nesta cl\u00e1usula.<br \/>O usu\u00e1rio reconhece que a SEG Tecnologia poder\u00e1 atualizar periodicamente esta Pol\u00edtica de Privacidade, e \u00e9 sua responsabilidade revis\u00e1-la regularmente para estar ciente de eventuais altera\u00e7\u00f5es.<br \/>Aplica-se ao presente Termo a Lei Geral de Prote\u00e7\u00e3o de Dados Pessoais (LGPD) &#8211; Lei n\u00b0 13.709 de 14 de agosto de 2018, sem preju\u00edzo das demais vigentes.<br \/>Todo e qualquer dado ou informa\u00e7\u00e3o compartilhado deve ser tratado com estrita observ\u00e2ncia ao princ\u00edpio da confidencialidade e, por conseguinte, armazenado com seguran\u00e7a e acessados apenas por pessoas autorizadas previamente.<br \/>Ao utilizar o Aplicativo, o usu\u00e1rio concorda com a pol\u00edtica de privacidade vigente.<\/p><\/div>\n\t\t\t\t<\/div>\n\t\t\t\t<\/div>\n\t\t\t\t\t\t<\/div>\n\t\t\t\t\t<\/div>\n\t\t<\/div>\n\t\t\t\t\t\t\t\t<\/div>\n\t\t\t\t\t<\/div>\n\t\t<\/section>\n\t\t\t\t\t\t<\/div>\n\t\t\t\t\t\t<\/div>\n\t\t\t\t\t<\/div>\n\t\t","protected":false},"excerpt":{"rendered":"<p>POL\u00cdTICA DE PRIVACIDADE Ao utilizar o Aplicativo Ligue 192 Voip, o usu\u00e1rio concorda que a SEG Tecnologia colete e utilize as informa\u00e7\u00f5es pessoais fornecidas, tais como nome, n\u00famero de telefone, cidade, estado e posi\u00e7\u00e3o do GPS, exclusivamente para permitir a realiza\u00e7\u00e3o de chamadas de urg\u00eancia e emerg\u00eancia para o SAMU 192, bem como para personalizar [&hellip;]<\/p>\n","protected":false},"author":1,"featured_media":0,"parent":0,"menu_order":0,"comment_status":"closed","ping_status":"closed","template":"elementor_header_footer","meta":{"_eb_attr":"","footnotes":""},"yoast_head":"<!-- This site is optimized with the Yoast SEO plugin v24.2 - https:\/\/yoast.com\/wordpress\/plugins\/seo\/ -->\n<title>Ligue 192 VoIP - Pol\u00edtica de Privacidade - SEG TECNOLOGIA<\/title>\n<meta name=\"description\" content=\"A SEG Tecnologia \u00e9 sin\u00f4nimo de excel\u00eancia em servi\u00e7os de Telecom. Te apresentamos o IRONVOX, a solu\u00e7\u00e3o ideal para a telefonia da sua empresa. Com baixo custo e alta confiabilidade, a Central Telef\u00f4nica IRONVOX se destaca por in\u00fameros recursos indispens\u00e1veis para o crescimento das suas vendas ou gerenciamento da sua telefonia. Entre em contato agora e saiba mais.\" \/>\n<meta name=\"robots\" content=\"noindex, follow\" \/>\n<meta property=\"og:locale\" content=\"pt_BR\" \/>\n<meta property=\"og:type\" content=\"article\" \/>\n<meta property=\"og:title\" content=\"Ligue 192 VoIP - Pol\u00edtica de Privacidade - SEG TECNOLOGIA\" \/>\n<meta property=\"og:description\" content=\"A SEG Tecnologia \u00e9 sin\u00f4nimo de excel\u00eancia em servi\u00e7os de Telecom. Te apresentamos o IRONVOX, a solu\u00e7\u00e3o ideal para a telefonia da sua empresa. Com baixo custo e alta confiabilidade, a Central Telef\u00f4nica IRONVOX se destaca por in\u00fameros recursos indispens\u00e1veis para o crescimento das suas vendas ou gerenciamento da sua telefonia. Entre em contato agora e saiba mais.\" \/>\n<meta property=\"og:url\" content=\"https:\/\/seg.eti.br\/site\/ligue192app-privacidade\/\" \/>\n<meta property=\"og:site_name\" content=\"SEG TECNOLOGIA\" \/>\n<meta property=\"article:publisher\" content=\"https:\/\/www.facebook.com\/SegTecnologia\" \/>\n<meta property=\"article:modified_time\" content=\"2024-03-28T19:15:35+00:00\" \/>\n<meta property=\"og:image\" content=\"http:\/\/seg.eti.br\/site\/wp-content\/uploads\/2023\/08\/Sem-titulo-1-300x287.png\" \/>\n<meta name=\"twitter:card\" content=\"summary_large_image\" \/>\n<meta name=\"twitter:label1\" content=\"Est. tempo de leitura\" \/>\n\t<meta name=\"twitter:data1\" content=\"3 minutos\" \/>\n<script type=\"application\/ld+json\" class=\"yoast-schema-graph\">{\"@context\":\"https:\/\/schema.org\",\"@graph\":[{\"@type\":\"WebPage\",\"@id\":\"https:\/\/seg.eti.br\/site\/ligue192app-privacidade\/\",\"url\":\"https:\/\/seg.eti.br\/site\/ligue192app-privacidade\/\",\"name\":\"Ligue 192 VoIP - Pol\u00edtica de Privacidade - SEG TECNOLOGIA\",\"isPartOf\":{\"@id\":\"https:\/\/seg.eti.br\/site\/#website\"},\"primaryImageOfPage\":{\"@id\":\"https:\/\/seg.eti.br\/site\/ligue192app-privacidade\/#primaryimage\"},\"image\":{\"@id\":\"https:\/\/seg.eti.br\/site\/ligue192app-privacidade\/#primaryimage\"},\"thumbnailUrl\":\"http:\/\/seg.eti.br\/site\/wp-content\/uploads\/2023\/08\/Sem-titulo-1-300x287.png\",\"datePublished\":\"2024-03-27T19:37:37+00:00\",\"dateModified\":\"2024-03-28T19:15:35+00:00\",\"description\":\"A SEG Tecnologia \u00e9 sin\u00f4nimo de excel\u00eancia em servi\u00e7os de Telecom. Te apresentamos o IRONVOX, a solu\u00e7\u00e3o ideal para a telefonia da sua empresa. Com baixo custo e alta confiabilidade, a Central Telef\u00f4nica IRONVOX se destaca por in\u00fameros recursos indispens\u00e1veis para o crescimento das suas vendas ou gerenciamento da sua telefonia. Entre em contato agora e saiba mais.\",\"breadcrumb\":{\"@id\":\"https:\/\/seg.eti.br\/site\/ligue192app-privacidade\/#breadcrumb\"},\"inLanguage\":\"pt-BR\",\"potentialAction\":[{\"@type\":\"ReadAction\",\"target\":[\"https:\/\/seg.eti.br\/site\/ligue192app-privacidade\/\"]}]},{\"@type\":\"ImageObject\",\"inLanguage\":\"pt-BR\",\"@id\":\"https:\/\/seg.eti.br\/site\/ligue192app-privacidade\/#primaryimage\",\"url\":\"https:\/\/seg.eti.br\/site\/wp-content\/uploads\/2023\/08\/Sem-titulo-1.png\",\"contentUrl\":\"https:\/\/seg.eti.br\/site\/wp-content\/uploads\/2023\/08\/Sem-titulo-1.png\",\"width\":1696,\"height\":1620},{\"@type\":\"BreadcrumbList\",\"@id\":\"https:\/\/seg.eti.br\/site\/ligue192app-privacidade\/#breadcrumb\",\"itemListElement\":[{\"@type\":\"ListItem\",\"position\":1,\"name\":\"In\u00edcio\",\"item\":\"https:\/\/seg.eti.br\/site\/\"},{\"@type\":\"ListItem\",\"position\":2,\"name\":\"Ligue 192 VoIP &#8211; Pol\u00edtica de Privacidade\"}]},{\"@type\":\"WebSite\",\"@id\":\"https:\/\/seg.eti.br\/site\/#website\",\"url\":\"https:\/\/seg.eti.br\/site\/\",\"name\":\"SEG TECNOLOGIA\",\"description\":\"A Excel\u00eancia em Telefonia IP ideal para sua empresa\",\"publisher\":{\"@id\":\"https:\/\/seg.eti.br\/site\/#organization\"},\"potentialAction\":[{\"@type\":\"SearchAction\",\"target\":{\"@type\":\"EntryPoint\",\"urlTemplate\":\"https:\/\/seg.eti.br\/site\/?s={search_term_string}\"},\"query-input\":{\"@type\":\"PropertyValueSpecification\",\"valueRequired\":true,\"valueName\":\"search_term_string\"}}],\"inLanguage\":\"pt-BR\"},{\"@type\":\"Organization\",\"@id\":\"https:\/\/seg.eti.br\/site\/#organization\",\"name\":\"SEG TECNOLOGIA\",\"url\":\"https:\/\/seg.eti.br\/site\/\",\"logo\":{\"@type\":\"ImageObject\",\"inLanguage\":\"pt-BR\",\"@id\":\"https:\/\/seg.eti.br\/site\/#\/schema\/logo\/image\/\",\"url\":\"http:\/\/seg.eti.br\/site\/wp-content\/uploads\/2020\/10\/MARCA-\u2022-SEG-Tecnologia-1.png\",\"contentUrl\":\"http:\/\/seg.eti.br\/site\/wp-content\/uploads\/2020\/10\/MARCA-\u2022-SEG-Tecnologia-1.png\",\"width\":398,\"height\":151,\"caption\":\"SEG TECNOLOGIA\"},\"image\":{\"@id\":\"https:\/\/seg.eti.br\/site\/#\/schema\/logo\/image\/\"},\"sameAs\":[\"https:\/\/www.facebook.com\/SegTecnologia\",\"https:\/\/www.instagram.com\/seg.tecnologia\/\",\"https:\/\/www.linkedin.com\/company\/seg-tecnologia\"]}]}<\/script>\n<!-- \/ Yoast SEO plugin. -->","yoast_head_json":{"title":"Ligue 192 VoIP - Pol\u00edtica de Privacidade - SEG TECNOLOGIA","description":"A SEG Tecnologia \u00e9 sin\u00f4nimo de excel\u00eancia em servi\u00e7os de Telecom. Te apresentamos o IRONVOX, a solu\u00e7\u00e3o ideal para a telefonia da sua empresa. Com baixo custo e alta confiabilidade, a Central Telef\u00f4nica IRONVOX se destaca por in\u00fameros recursos indispens\u00e1veis para o crescimento das suas vendas ou gerenciamento da sua telefonia. Entre em contato agora e saiba mais.","robots":{"index":"noindex","follow":"follow"},"og_locale":"pt_BR","og_type":"article","og_title":"Ligue 192 VoIP - Pol\u00edtica de Privacidade - SEG TECNOLOGIA","og_description":"A SEG Tecnologia \u00e9 sin\u00f4nimo de excel\u00eancia em servi\u00e7os de Telecom. Te apresentamos o IRONVOX, a solu\u00e7\u00e3o ideal para a telefonia da sua empresa. Com baixo custo e alta confiabilidade, a Central Telef\u00f4nica IRONVOX se destaca por in\u00fameros recursos indispens\u00e1veis para o crescimento das suas vendas ou gerenciamento da sua telefonia. Entre em contato agora e saiba mais.","og_url":"https:\/\/seg.eti.br\/site\/ligue192app-privacidade\/","og_site_name":"SEG TECNOLOGIA","article_publisher":"https:\/\/www.facebook.com\/SegTecnologia","article_modified_time":"2024-03-28T19:15:35+00:00","og_image":[{"url":"http:\/\/seg.eti.br\/site\/wp-content\/uploads\/2023\/08\/Sem-titulo-1-300x287.png","type":"","width":"","height":""}],"twitter_card":"summary_large_image","twitter_misc":{"Est. tempo de leitura":"3 minutos"},"schema":{"@context":"https:\/\/schema.org","@graph":[{"@type":"WebPage","@id":"https:\/\/seg.eti.br\/site\/ligue192app-privacidade\/","url":"https:\/\/seg.eti.br\/site\/ligue192app-privacidade\/","name":"Ligue 192 VoIP - Pol\u00edtica de Privacidade - SEG TECNOLOGIA","isPartOf":{"@id":"https:\/\/seg.eti.br\/site\/#website"},"primaryImageOfPage":{"@id":"https:\/\/seg.eti.br\/site\/ligue192app-privacidade\/#primaryimage"},"image":{"@id":"https:\/\/seg.eti.br\/site\/ligue192app-privacidade\/#primaryimage"},"thumbnailUrl":"http:\/\/seg.eti.br\/site\/wp-content\/uploads\/2023\/08\/Sem-titulo-1-300x287.png","datePublished":"2024-03-27T19:37:37+00:00","dateModified":"2024-03-28T19:15:35+00:00","description":"A SEG Tecnologia \u00e9 sin\u00f4nimo de excel\u00eancia em servi\u00e7os de Telecom. Te apresentamos o IRONVOX, a solu\u00e7\u00e3o ideal para a telefonia da sua empresa. Com baixo custo e alta confiabilidade, a Central Telef\u00f4nica IRONVOX se destaca por in\u00fameros recursos indispens\u00e1veis para o crescimento das suas vendas ou gerenciamento da sua telefonia. Entre em contato agora e saiba mais.","breadcrumb":{"@id":"https:\/\/seg.eti.br\/site\/ligue192app-privacidade\/#breadcrumb"},"inLanguage":"pt-BR","potentialAction":[{"@type":"ReadAction","target":["https:\/\/seg.eti.br\/site\/ligue192app-privacidade\/"]}]},{"@type":"ImageObject","inLanguage":"pt-BR","@id":"https:\/\/seg.eti.br\/site\/ligue192app-privacidade\/#primaryimage","url":"https:\/\/seg.eti.br\/site\/wp-content\/uploads\/2023\/08\/Sem-titulo-1.png","contentUrl":"https:\/\/seg.eti.br\/site\/wp-content\/uploads\/2023\/08\/Sem-titulo-1.png","width":1696,"height":1620},{"@type":"BreadcrumbList","@id":"https:\/\/seg.eti.br\/site\/ligue192app-privacidade\/#breadcrumb","itemListElement":[{"@type":"ListItem","position":1,"name":"In\u00edcio","item":"https:\/\/seg.eti.br\/site\/"},{"@type":"ListItem","position":2,"name":"Ligue 192 VoIP &#8211; Pol\u00edtica de Privacidade"}]},{"@type":"WebSite","@id":"https:\/\/seg.eti.br\/site\/#website","url":"https:\/\/seg.eti.br\/site\/","name":"SEG TECNOLOGIA","description":"A Excel\u00eancia em Telefonia IP ideal para sua empresa","publisher":{"@id":"https:\/\/seg.eti.br\/site\/#organization"},"potentialAction":[{"@type":"SearchAction","target":{"@type":"EntryPoint","urlTemplate":"https:\/\/seg.eti.br\/site\/?s={search_term_string}"},"query-input":{"@type":"PropertyValueSpecification","valueRequired":true,"valueName":"search_term_string"}}],"inLanguage":"pt-BR"},{"@type":"Organization","@id":"https:\/\/seg.eti.br\/site\/#organization","name":"SEG TECNOLOGIA","url":"https:\/\/seg.eti.br\/site\/","logo":{"@type":"ImageObject","inLanguage":"pt-BR","@id":"https:\/\/seg.eti.br\/site\/#\/schema\/logo\/image\/","url":"http:\/\/seg.eti.br\/site\/wp-content\/uploads\/2020\/10\/MARCA-\u2022-SEG-Tecnologia-1.png","contentUrl":"http:\/\/seg.eti.br\/site\/wp-content\/uploads\/2020\/10\/MARCA-\u2022-SEG-Tecnologia-1.png","width":398,"height":151,"caption":"SEG TECNOLOGIA"},"image":{"@id":"https:\/\/seg.eti.br\/site\/#\/schema\/logo\/image\/"},"sameAs":["https:\/\/www.facebook.com\/SegTecnologia","https:\/\/www.instagram.com\/seg.tecnologia\/","https:\/\/www.linkedin.com\/company\/seg-tecnologia"]}]}},"_links":{"self":[{"href":"https:\/\/seg.eti.br\/site\/wp-json\/wp\/v2\/pages\/1206"}],"collection":[{"href":"https:\/\/seg.eti.br\/site\/wp-json\/wp\/v2\/pages"}],"about":[{"href":"https:\/\/seg.eti.br\/site\/wp-json\/wp\/v2\/types\/page"}],"author":[{"embeddable":true,"href":"https:\/\/seg.eti.br\/site\/wp-json\/wp\/v2\/users\/1"}],"replies":[{"embeddable":true,"href":"https:\/\/seg.eti.br\/site\/wp-json\/wp\/v2\/comments?post=1206"}],"version-history":[{"count":6,"href":"https:\/\/seg.eti.br\/site\/wp-json\/wp\/v2\/pages\/1206\/revisions"}],"predecessor-version":[{"id":1246,"href":"https:\/\/seg.eti.br\/site\/wp-json\/wp\/v2\/pages\/1206\/revisions\/1246"}],"wp:attachment":[{"href":"https:\/\/seg.eti.br\/site\/wp-json\/wp\/v2\/media?parent=1206"}],"curies":[{"name":"wp","href":"https:\/\/api.w.org\/{rel}","templated":true}]}}