{"id":1345,"date":"2024-05-09T13:26:18","date_gmt":"2024-05-09T16:26:18","guid":{"rendered":"https:\/\/seg.eti.br\/site\/?page_id=1345"},"modified":"2026-02-26T13:23:51","modified_gmt":"2026-02-26T16:23:51","slug":"exclusao-192voip","status":"publish","type":"page","link":"https:\/\/seg.eti.br\/site\/exclusao-192voip\/","title":{"rendered":"Exclus\u00e3o VOIP 192"},"content":{"rendered":"\t\t<div data-elementor-type=\"wp-page\" data-elementor-id=\"1345\" class=\"elementor elementor-1345\" data-elementor-settings=\"[]\">\n\t\t\t\t\t\t<div class=\"elementor-inner\">\n\t\t\t\t\t\t\t<div class=\"elementor-section-wrap\">\n\t\t\t\t\t\t\t<section class=\"elementor-section elementor-top-section elementor-element elementor-element-bcd8394 elementor-section-boxed elementor-section-height-default elementor-section-height-default\" data-id=\"bcd8394\" data-element_type=\"section\" data-settings=\"{&quot;background_background&quot;:&quot;classic&quot;}\">\n\t\t\t\t\t\t<div class=\"elementor-container elementor-column-gap-default\">\n\t\t\t\t\t\t\t<div class=\"elementor-row\">\n\t\t\t\t\t<div class=\"elementor-column elementor-col-25 elementor-top-column elementor-element elementor-element-19171f6\" data-id=\"19171f6\" data-element_type=\"column\">\n\t\t\t<div class=\"elementor-column-wrap\">\n\t\t\t\t\t\t\t<div class=\"elementor-widget-wrap\">\n\t\t\t\t\t\t\t\t<\/div>\n\t\t\t\t\t<\/div>\n\t\t<\/div>\n\t\t\t\t<div class=\"elementor-column elementor-col-25 elementor-top-column elementor-element elementor-element-ef35162\" data-id=\"ef35162\" data-element_type=\"column\">\n\t\t\t<div class=\"elementor-column-wrap elementor-element-populated\">\n\t\t\t\t\t\t\t<div class=\"elementor-widget-wrap\">\n\t\t\t\t\t\t<div class=\"elementor-element elementor-element-bf72b7b elementor-widget elementor-widget-image\" data-id=\"bf72b7b\" data-element_type=\"widget\" data-widget_type=\"image.default\">\n\t\t\t\t<div class=\"elementor-widget-container\">\n\t\t\t\t\t<div class=\"elementor-image\">\n\t\t\t\t\t\t\t\t\t\t<img loading=\"lazy\" decoding=\"async\" width=\"425\" height=\"407\" src=\"https:\/\/seg.eti.br\/site\/wp-content\/uploads\/2025\/01\/LOGO_APP_REDUZIDO.png\" class=\"attachment-large size-large\" alt=\"\" srcset=\"https:\/\/seg.eti.br\/site\/wp-content\/uploads\/2025\/01\/LOGO_APP_REDUZIDO.png 425w, https:\/\/seg.eti.br\/site\/wp-content\/uploads\/2025\/01\/LOGO_APP_REDUZIDO-300x287.png 300w\" sizes=\"(max-width: 425px) 100vw, 425px\" \/>\t\t\t\t\t\t\t\t\t\t\t<\/div>\n\t\t\t\t<\/div>\n\t\t\t\t<\/div>\n\t\t\t\t\t\t<\/div>\n\t\t\t\t\t<\/div>\n\t\t<\/div>\n\t\t\t\t<div class=\"elementor-column elementor-col-25 elementor-top-column elementor-element elementor-element-44e05d1\" data-id=\"44e05d1\" data-element_type=\"column\">\n\t\t\t<div class=\"elementor-column-wrap elementor-element-populated\">\n\t\t\t\t\t\t\t<div class=\"elementor-widget-wrap\">\n\t\t\t\t\t\t<div class=\"elementor-element elementor-element-4f97897 elementor-widget elementor-widget-image\" data-id=\"4f97897\" data-element_type=\"widget\" data-widget_type=\"image.default\">\n\t\t\t\t<div class=\"elementor-widget-container\">\n\t\t\t\t\t<div class=\"elementor-image\">\n\t\t\t\t\t\t\t\t\t\t<img loading=\"lazy\" decoding=\"async\" width=\"398\" height=\"151\" src=\"https:\/\/seg.eti.br\/site\/wp-content\/uploads\/2025\/01\/LOGO_SEG_AZUL.png\" class=\"attachment-large size-large\" alt=\"\" srcset=\"https:\/\/seg.eti.br\/site\/wp-content\/uploads\/2025\/01\/LOGO_SEG_AZUL.png 398w, https:\/\/seg.eti.br\/site\/wp-content\/uploads\/2025\/01\/LOGO_SEG_AZUL-300x114.png 300w\" sizes=\"(max-width: 398px) 100vw, 398px\" \/>\t\t\t\t\t\t\t\t\t\t\t<\/div>\n\t\t\t\t<\/div>\n\t\t\t\t<\/div>\n\t\t\t\t\t\t<\/div>\n\t\t\t\t\t<\/div>\n\t\t<\/div>\n\t\t\t\t<div class=\"elementor-column elementor-col-25 elementor-top-column elementor-element elementor-element-02e507f\" data-id=\"02e507f\" data-element_type=\"column\">\n\t\t\t<div class=\"elementor-column-wrap\">\n\t\t\t\t\t\t\t<div class=\"elementor-widget-wrap\">\n\t\t\t\t\t\t\t\t<\/div>\n\t\t\t\t\t<\/div>\n\t\t<\/div>\n\t\t\t\t\t\t\t\t<\/div>\n\t\t\t\t\t<\/div>\n\t\t<\/section>\n\t\t\t\t<section class=\"elementor-section elementor-top-section elementor-element elementor-element-41437e6 elementor-section-boxed elementor-section-height-default elementor-section-height-default\" data-id=\"41437e6\" data-element_type=\"section\">\n\t\t\t\t\t\t<div class=\"elementor-container elementor-column-gap-default\">\n\t\t\t\t\t\t\t<div class=\"elementor-row\">\n\t\t\t\t\t<div class=\"elementor-column elementor-col-50 elementor-top-column elementor-element elementor-element-2f880bf\" data-id=\"2f880bf\" data-element_type=\"column\">\n\t\t\t<div class=\"elementor-column-wrap elementor-element-populated\">\n\t\t\t\t\t\t\t<div class=\"elementor-widget-wrap\">\n\t\t\t\t\t\t<section class=\"elementor-section elementor-inner-section elementor-element elementor-element-4af63e8 elementor-section-boxed elementor-section-height-default elementor-section-height-default\" data-id=\"4af63e8\" data-element_type=\"section\">\n\t\t\t\t\t\t<div class=\"elementor-container elementor-column-gap-default\">\n\t\t\t\t\t\t\t<div class=\"elementor-row\">\n\t\t\t\t\t<div class=\"elementor-column elementor-col-100 elementor-inner-column elementor-element elementor-element-e1f0f96\" data-id=\"e1f0f96\" data-element_type=\"column\" data-settings=\"{&quot;background_background&quot;:&quot;classic&quot;}\">\n\t\t\t<div class=\"elementor-column-wrap elementor-element-populated\">\n\t\t\t\t\t\t\t<div class=\"elementor-widget-wrap\">\n\t\t\t\t\t\t<div class=\"elementor-element elementor-element-613854f elementor-widget elementor-widget-heading\" data-id=\"613854f\" data-element_type=\"widget\" data-widget_type=\"heading.default\">\n\t\t\t\t<div class=\"elementor-widget-container\">\n\t\t\t<h3 class=\"elementor-heading-title elementor-size-default\">EXCLUS\u00c3O\nDE\nDADOS<\/h3>\t\t<\/div>\n\t\t\t\t<\/div>\n\t\t\t\t<div class=\"elementor-element elementor-element-299a37a elementor-align-left elementor-icon-list--layout-traditional elementor-list-item-link-full_width elementor-widget elementor-widget-icon-list\" data-id=\"299a37a\" data-element_type=\"widget\" data-widget_type=\"icon-list.default\">\n\t\t\t\t<div class=\"elementor-widget-container\">\n\t\t\t\t\t<ul class=\"elementor-icon-list-items\">\n\t\t\t\t\t\t\t<li class=\"elementor-icon-list-item\">\n\t\t\t\t\t\t\t\t\t\t<span class=\"elementor-icon-list-text\">Voc\u00ea est\u00e1 prestes a excluir seu cadastro no Aplicativo Ligue 192 VoIP, desenvolvido pela SEG Tecnologia. <\/br> Aqui est\u00e3o algumas informa\u00e7\u00f5es importantes:<\/span>\n\t\t\t\t\t\t\t\t\t<\/li>\n\t\t\t\t\t\t\t\t<li class=\"elementor-icon-list-item\">\n\t\t\t\t\t\t\t\t\t\t<span class=\"elementor-icon-list-text\">\u2022 Seus dados pessoais ser\u00e3o permanentemente removidos.<\/span>\n\t\t\t\t\t\t\t\t\t<\/li>\n\t\t\t\t\t\t\t\t<li class=\"elementor-icon-list-item\">\n\t\t\t\t\t\t\t\t\t\t<span class=\"elementor-icon-list-text\">\u2022 Os dados de chamadas realizadas e recebidas para as unidades do SAMU ser\u00e3o mantidos para fins de registros.<\/span>\n\t\t\t\t\t\t\t\t\t<\/li>\n\t\t\t\t\t\t\t\t<li class=\"elementor-icon-list-item\">\n\t\t\t\t\t\t\t\t\t\t<span class=\"elementor-icon-list-text\">\u2022 Se precisar de suporte ou tiver d\u00favidas, entre em contato conosco atrav\u00e9s do e-mail seg@seg.eti.br.<\/span>\n\t\t\t\t\t\t\t\t\t<\/li>\n\t\t\t\t\t\t<\/ul>\n\t\t\t\t<\/div>\n\t\t\t\t<\/div>\n\t\t\t\t\t\t<\/div>\n\t\t\t\t\t<\/div>\n\t\t<\/div>\n\t\t\t\t\t\t\t\t<\/div>\n\t\t\t\t\t<\/div>\n\t\t<\/section>\n\t\t\t\t\t\t<\/div>\n\t\t\t\t\t<\/div>\n\t\t<\/div>\n\t\t\t\t<div class=\"elementor-column elementor-col-50 elementor-top-column elementor-element elementor-element-ffc2cd2\" data-id=\"ffc2cd2\" data-element_type=\"column\">\n\t\t\t<div class=\"elementor-column-wrap elementor-element-populated\">\n\t\t\t\t\t\t\t<div class=\"elementor-widget-wrap\">\n\t\t\t\t\t\t<div class=\"elementor-element elementor-element-5c00ddf elementor-button-align-stretch elementor-invisible elementor-widget elementor-widget-form\" data-id=\"5c00ddf\" data-element_type=\"widget\" data-settings=\"{&quot;step_next_label&quot;:&quot;Next&quot;,&quot;step_previous_label&quot;:&quot;Previous&quot;,&quot;_animation&quot;:&quot;fadeIn&quot;,&quot;button_width&quot;:&quot;100&quot;,&quot;step_type&quot;:&quot;number_text&quot;,&quot;step_icon_shape&quot;:&quot;circle&quot;}\" data-widget_type=\"form.default\">\n\t\t\t\t<div class=\"elementor-widget-container\">\n\t\t\t\t\t<form class=\"elementor-form\" method=\"post\" name=\"Formul\u00e1rio de Contato\">\n\t\t\t<input type=\"hidden\" name=\"post_id\" value=\"1345\"\/>\n\t\t\t<input type=\"hidden\" name=\"form_id\" value=\"5c00ddf\"\/>\n\n\t\t\t\n\t\t\t<div class=\"elementor-form-fields-wrapper elementor-labels-above\">\n\t\t\t\t\t\t\t\t<div class=\"elementor-field-type-text elementor-field-group elementor-column elementor-field-group-name elementor-col-100 elementor-field-required elementor-mark-required\">\n\t\t\t\t\t<label for=\"form-field-name\" class=\"elementor-field-label\">NOME  COMPLETO:<\/label><input size=\"1\" type=\"text\" name=\"form_fields[name]\" id=\"form-field-name\" class=\"elementor-field elementor-size-sm  elementor-field-textual\" required=\"required\" aria-required=\"true\">\t\t\t\t<\/div>\n\t\t\t\t\t\t\t\t<div class=\"elementor-field-type-text elementor-field-group elementor-column elementor-field-group-message elementor-col-100 elementor-field-required elementor-mark-required\">\n\t\t\t\t\t<label for=\"form-field-message\" class=\"elementor-field-label\">TELEFONE VINCULADO AO  APLICADO LIGUE 192  VOIP:<\/label><input size=\"1\" type=\"text\" name=\"form_fields[message]\" id=\"form-field-message\" class=\"elementor-field elementor-size-sm  elementor-field-textual\" placeholder=\"DDD + N\u00famero\" required=\"required\" aria-required=\"true\">\t\t\t\t<\/div>\n\t\t\t\t\t\t\t\t<div class=\"elementor-field-type-recaptcha_v3 elementor-field-group elementor-column elementor-field-group-field_34d9eef elementor-col-100 recaptcha_v3-bottomright\">\n\t\t\t\t\t<div class=\"elementor-field\" id=\"form-field-field_34d9eef\"><div class=\"elementor-g-recaptcha\" data-sitekey=\"6Ld45KwaAAAAAMssEgp2AyHRe4Qq7_cFxaBCY8is\" data-type=\"v3\" data-action=\"Form\" data-badge=\"bottomright\" data-size=\"invisible\"><\/div><\/div>\t\t\t\t<\/div>\n\t\t\t\t\t\t\t\t<div class=\"elementor-field-group elementor-column elementor-field-type-submit elementor-col-100 e-form__buttons\">\n\t\t\t\t\t<button type=\"submit\" class=\"elementor-button elementor-size-sm\">\n\t\t\t\t\t\t<span >\n\t\t\t\t\t\t\t\t\t\t\t\t\t\t\t<span class=\" elementor-button-icon\">\n\t\t\t\t\t\t\t\t\t\t\t\t\t\t\t\t\t\t\t\t\t\t\t\t\t\t<\/span>\n\t\t\t\t\t\t\t\t\t\t\t\t\t\t\t\t\t\t\t\t\t\t<span class=\"elementor-button-text\">SOLICITAR EXCLUS\u00c3O DE DADOS<\/span>\n\t\t\t\t\t\t\t\t\t\t\t\t\t<\/span>\n\t\t\t\t\t<\/button>\n\t\t\t\t<\/div>\n\t\t\t<\/div>\n\t\t<\/form>\n\t\t\t\t<\/div>\n\t\t\t\t<\/div>\n\t\t\t\t\t\t<\/div>\n\t\t\t\t\t<\/div>\n\t\t<\/div>\n\t\t\t\t\t\t\t\t<\/div>\n\t\t\t\t\t<\/div>\n\t\t<\/section>\n\t\t\t\t<section class=\"elementor-section elementor-top-section elementor-element elementor-element-a33aa17 elementor-section-boxed elementor-section-height-default elementor-section-height-default\" data-id=\"a33aa17\" data-element_type=\"section\">\n\t\t\t\t\t\t<div class=\"elementor-container elementor-column-gap-default\">\n\t\t\t\t\t\t\t<div class=\"elementor-row\">\n\t\t\t\t\t<div class=\"elementor-column elementor-col-100 elementor-top-column elementor-element elementor-element-d76012a\" data-id=\"d76012a\" data-element_type=\"column\">\n\t\t\t<div class=\"elementor-column-wrap\">\n\t\t\t\t\t\t\t<div class=\"elementor-widget-wrap\">\n\t\t\t\t\t\t\t\t<\/div>\n\t\t\t\t\t<\/div>\n\t\t<\/div>\n\t\t\t\t\t\t\t\t<\/div>\n\t\t\t\t\t<\/div>\n\t\t<\/section>\n\t\t\t\t\t\t<\/div>\n\t\t\t\t\t\t<\/div>\n\t\t\t\t\t<\/div>\n\t\t","protected":false},"excerpt":{"rendered":"<p>EXCLUS\u00c3O DE DADOS Voc\u00ea est\u00e1 prestes a excluir seu cadastro no Aplicativo Ligue 192 VoIP, desenvolvido pela SEG Tecnologia. Aqui est\u00e3o algumas informa\u00e7\u00f5es importantes: \u2022 Seus dados pessoais ser\u00e3o permanentemente removidos. \u2022 Os dados de chamadas realizadas e recebidas para as unidades do SAMU ser\u00e3o mantidos para fins de registros. \u2022 Se precisar de suporte [&hellip;]<\/p>\n","protected":false},"author":3,"featured_media":0,"parent":0,"menu_order":0,"comment_status":"closed","ping_status":"closed","template":"elementor_header_footer","meta":{"_eb_attr":"","footnotes":""},"yoast_head":"<!-- This site is optimized with the Yoast SEO plugin v24.2 - https:\/\/yoast.com\/wordpress\/plugins\/seo\/ -->\n<title>Exclus\u00e3o VOIP 192 - SEG TECNOLOGIA<\/title>\n<meta name=\"description\" content=\"A SEG Tecnologia \u00e9 sin\u00f4nimo de excel\u00eancia em servi\u00e7os de Telecom. Te apresentamos o IRONVOX, a solu\u00e7\u00e3o ideal para a telefonia da sua empresa. Com baixo custo e alta confiabilidade, a Central Telef\u00f4nica IRONVOX se destaca por in\u00fameros recursos indispens\u00e1veis para o crescimento das suas vendas ou gerenciamento da sua telefonia. Entre em contato agora e saiba mais.\" \/>\n<meta name=\"robots\" content=\"noindex, nofollow\" \/>\n<meta property=\"og:locale\" content=\"pt_BR\" \/>\n<meta property=\"og:type\" content=\"article\" \/>\n<meta property=\"og:title\" content=\"Exclus\u00e3o VOIP 192 - SEG TECNOLOGIA\" \/>\n<meta property=\"og:description\" content=\"A SEG Tecnologia \u00e9 sin\u00f4nimo de excel\u00eancia em servi\u00e7os de Telecom. Te apresentamos o IRONVOX, a solu\u00e7\u00e3o ideal para a telefonia da sua empresa. Com baixo custo e alta confiabilidade, a Central Telef\u00f4nica IRONVOX se destaca por in\u00fameros recursos indispens\u00e1veis para o crescimento das suas vendas ou gerenciamento da sua telefonia. Entre em contato agora e saiba mais.\" \/>\n<meta property=\"og:url\" content=\"https:\/\/seg.eti.br\/site\/exclusao-192voip\/\" \/>\n<meta property=\"og:site_name\" content=\"SEG TECNOLOGIA\" \/>\n<meta property=\"article:publisher\" content=\"https:\/\/www.facebook.com\/SegTecnologia\" \/>\n<meta property=\"article:modified_time\" content=\"2026-02-26T16:23:51+00:00\" \/>\n<meta property=\"og:image\" content=\"http:\/\/seg.eti.br\/site\/wp-content\/uploads\/2025\/01\/LOGO_APP_REDUZIDO.png\" \/>\n<meta name=\"twitter:card\" content=\"summary_large_image\" \/>\n<meta name=\"twitter:label1\" content=\"Est. tempo de leitura\" \/>\n\t<meta name=\"twitter:data1\" content=\"1 minuto\" \/>\n<script type=\"application\/ld+json\" class=\"yoast-schema-graph\">{\"@context\":\"https:\/\/schema.org\",\"@graph\":[{\"@type\":\"WebPage\",\"@id\":\"https:\/\/seg.eti.br\/site\/exclusao-192voip\/\",\"url\":\"https:\/\/seg.eti.br\/site\/exclusao-192voip\/\",\"name\":\"Exclus\u00e3o VOIP 192 - SEG TECNOLOGIA\",\"isPartOf\":{\"@id\":\"https:\/\/seg.eti.br\/site\/#website\"},\"primaryImageOfPage\":{\"@id\":\"https:\/\/seg.eti.br\/site\/exclusao-192voip\/#primaryimage\"},\"image\":{\"@id\":\"https:\/\/seg.eti.br\/site\/exclusao-192voip\/#primaryimage\"},\"thumbnailUrl\":\"http:\/\/seg.eti.br\/site\/wp-content\/uploads\/2025\/01\/LOGO_APP_REDUZIDO.png\",\"datePublished\":\"2024-05-09T16:26:18+00:00\",\"dateModified\":\"2026-02-26T16:23:51+00:00\",\"description\":\"A SEG Tecnologia \u00e9 sin\u00f4nimo de excel\u00eancia em servi\u00e7os de Telecom. Te apresentamos o IRONVOX, a solu\u00e7\u00e3o ideal para a telefonia da sua empresa. Com baixo custo e alta confiabilidade, a Central Telef\u00f4nica IRONVOX se destaca por in\u00fameros recursos indispens\u00e1veis para o crescimento das suas vendas ou gerenciamento da sua telefonia. Entre em contato agora e saiba mais.\",\"breadcrumb\":{\"@id\":\"https:\/\/seg.eti.br\/site\/exclusao-192voip\/#breadcrumb\"},\"inLanguage\":\"pt-BR\",\"potentialAction\":[{\"@type\":\"ReadAction\",\"target\":[\"https:\/\/seg.eti.br\/site\/exclusao-192voip\/\"]}]},{\"@type\":\"ImageObject\",\"inLanguage\":\"pt-BR\",\"@id\":\"https:\/\/seg.eti.br\/site\/exclusao-192voip\/#primaryimage\",\"url\":\"http:\/\/seg.eti.br\/site\/wp-content\/uploads\/2025\/01\/LOGO_APP_REDUZIDO.png\",\"contentUrl\":\"http:\/\/seg.eti.br\/site\/wp-content\/uploads\/2025\/01\/LOGO_APP_REDUZIDO.png\"},{\"@type\":\"BreadcrumbList\",\"@id\":\"https:\/\/seg.eti.br\/site\/exclusao-192voip\/#breadcrumb\",\"itemListElement\":[{\"@type\":\"ListItem\",\"position\":1,\"name\":\"In\u00edcio\",\"item\":\"https:\/\/seg.eti.br\/site\/\"},{\"@type\":\"ListItem\",\"position\":2,\"name\":\"Exclus\u00e3o VOIP 192\"}]},{\"@type\":\"WebSite\",\"@id\":\"https:\/\/seg.eti.br\/site\/#website\",\"url\":\"https:\/\/seg.eti.br\/site\/\",\"name\":\"SEG TECNOLOGIA\",\"description\":\"A Excel\u00eancia em Telefonia IP ideal para sua empresa\",\"publisher\":{\"@id\":\"https:\/\/seg.eti.br\/site\/#organization\"},\"potentialAction\":[{\"@type\":\"SearchAction\",\"target\":{\"@type\":\"EntryPoint\",\"urlTemplate\":\"https:\/\/seg.eti.br\/site\/?s={search_term_string}\"},\"query-input\":{\"@type\":\"PropertyValueSpecification\",\"valueRequired\":true,\"valueName\":\"search_term_string\"}}],\"inLanguage\":\"pt-BR\"},{\"@type\":\"Organization\",\"@id\":\"https:\/\/seg.eti.br\/site\/#organization\",\"name\":\"SEG TECNOLOGIA\",\"url\":\"https:\/\/seg.eti.br\/site\/\",\"logo\":{\"@type\":\"ImageObject\",\"inLanguage\":\"pt-BR\",\"@id\":\"https:\/\/seg.eti.br\/site\/#\/schema\/logo\/image\/\",\"url\":\"http:\/\/seg.eti.br\/site\/wp-content\/uploads\/2020\/10\/MARCA-\u2022-SEG-Tecnologia-1.png\",\"contentUrl\":\"http:\/\/seg.eti.br\/site\/wp-content\/uploads\/2020\/10\/MARCA-\u2022-SEG-Tecnologia-1.png\",\"width\":398,\"height\":151,\"caption\":\"SEG TECNOLOGIA\"},\"image\":{\"@id\":\"https:\/\/seg.eti.br\/site\/#\/schema\/logo\/image\/\"},\"sameAs\":[\"https:\/\/www.facebook.com\/SegTecnologia\",\"https:\/\/www.instagram.com\/seg.tecnologia\/\",\"https:\/\/www.linkedin.com\/company\/seg-tecnologia\"]}]}<\/script>\n<!-- \/ Yoast SEO plugin. -->","yoast_head_json":{"title":"Exclus\u00e3o VOIP 192 - SEG TECNOLOGIA","description":"A SEG Tecnologia \u00e9 sin\u00f4nimo de excel\u00eancia em servi\u00e7os de Telecom. Te apresentamos o IRONVOX, a solu\u00e7\u00e3o ideal para a telefonia da sua empresa. Com baixo custo e alta confiabilidade, a Central Telef\u00f4nica IRONVOX se destaca por in\u00fameros recursos indispens\u00e1veis para o crescimento das suas vendas ou gerenciamento da sua telefonia. Entre em contato agora e saiba mais.","robots":{"index":"noindex","follow":"nofollow"},"og_locale":"pt_BR","og_type":"article","og_title":"Exclus\u00e3o VOIP 192 - SEG TECNOLOGIA","og_description":"A SEG Tecnologia \u00e9 sin\u00f4nimo de excel\u00eancia em servi\u00e7os de Telecom. Te apresentamos o IRONVOX, a solu\u00e7\u00e3o ideal para a telefonia da sua empresa. Com baixo custo e alta confiabilidade, a Central Telef\u00f4nica IRONVOX se destaca por in\u00fameros recursos indispens\u00e1veis para o crescimento das suas vendas ou gerenciamento da sua telefonia. Entre em contato agora e saiba mais.","og_url":"https:\/\/seg.eti.br\/site\/exclusao-192voip\/","og_site_name":"SEG TECNOLOGIA","article_publisher":"https:\/\/www.facebook.com\/SegTecnologia","article_modified_time":"2026-02-26T16:23:51+00:00","og_image":[{"url":"http:\/\/seg.eti.br\/site\/wp-content\/uploads\/2025\/01\/LOGO_APP_REDUZIDO.png","type":"","width":"","height":""}],"twitter_card":"summary_large_image","twitter_misc":{"Est. tempo de leitura":"1 minuto"},"schema":{"@context":"https:\/\/schema.org","@graph":[{"@type":"WebPage","@id":"https:\/\/seg.eti.br\/site\/exclusao-192voip\/","url":"https:\/\/seg.eti.br\/site\/exclusao-192voip\/","name":"Exclus\u00e3o VOIP 192 - SEG TECNOLOGIA","isPartOf":{"@id":"https:\/\/seg.eti.br\/site\/#website"},"primaryImageOfPage":{"@id":"https:\/\/seg.eti.br\/site\/exclusao-192voip\/#primaryimage"},"image":{"@id":"https:\/\/seg.eti.br\/site\/exclusao-192voip\/#primaryimage"},"thumbnailUrl":"http:\/\/seg.eti.br\/site\/wp-content\/uploads\/2025\/01\/LOGO_APP_REDUZIDO.png","datePublished":"2024-05-09T16:26:18+00:00","dateModified":"2026-02-26T16:23:51+00:00","description":"A SEG Tecnologia \u00e9 sin\u00f4nimo de excel\u00eancia em servi\u00e7os de Telecom. Te apresentamos o IRONVOX, a solu\u00e7\u00e3o ideal para a telefonia da sua empresa. Com baixo custo e alta confiabilidade, a Central Telef\u00f4nica IRONVOX se destaca por in\u00fameros recursos indispens\u00e1veis para o crescimento das suas vendas ou gerenciamento da sua telefonia. Entre em contato agora e saiba mais.","breadcrumb":{"@id":"https:\/\/seg.eti.br\/site\/exclusao-192voip\/#breadcrumb"},"inLanguage":"pt-BR","potentialAction":[{"@type":"ReadAction","target":["https:\/\/seg.eti.br\/site\/exclusao-192voip\/"]}]},{"@type":"ImageObject","inLanguage":"pt-BR","@id":"https:\/\/seg.eti.br\/site\/exclusao-192voip\/#primaryimage","url":"http:\/\/seg.eti.br\/site\/wp-content\/uploads\/2025\/01\/LOGO_APP_REDUZIDO.png","contentUrl":"http:\/\/seg.eti.br\/site\/wp-content\/uploads\/2025\/01\/LOGO_APP_REDUZIDO.png"},{"@type":"BreadcrumbList","@id":"https:\/\/seg.eti.br\/site\/exclusao-192voip\/#breadcrumb","itemListElement":[{"@type":"ListItem","position":1,"name":"In\u00edcio","item":"https:\/\/seg.eti.br\/site\/"},{"@type":"ListItem","position":2,"name":"Exclus\u00e3o VOIP 192"}]},{"@type":"WebSite","@id":"https:\/\/seg.eti.br\/site\/#website","url":"https:\/\/seg.eti.br\/site\/","name":"SEG TECNOLOGIA","description":"A Excel\u00eancia em Telefonia IP ideal para sua empresa","publisher":{"@id":"https:\/\/seg.eti.br\/site\/#organization"},"potentialAction":[{"@type":"SearchAction","target":{"@type":"EntryPoint","urlTemplate":"https:\/\/seg.eti.br\/site\/?s={search_term_string}"},"query-input":{"@type":"PropertyValueSpecification","valueRequired":true,"valueName":"search_term_string"}}],"inLanguage":"pt-BR"},{"@type":"Organization","@id":"https:\/\/seg.eti.br\/site\/#organization","name":"SEG TECNOLOGIA","url":"https:\/\/seg.eti.br\/site\/","logo":{"@type":"ImageObject","inLanguage":"pt-BR","@id":"https:\/\/seg.eti.br\/site\/#\/schema\/logo\/image\/","url":"http:\/\/seg.eti.br\/site\/wp-content\/uploads\/2020\/10\/MARCA-\u2022-SEG-Tecnologia-1.png","contentUrl":"http:\/\/seg.eti.br\/site\/wp-content\/uploads\/2020\/10\/MARCA-\u2022-SEG-Tecnologia-1.png","width":398,"height":151,"caption":"SEG TECNOLOGIA"},"image":{"@id":"https:\/\/seg.eti.br\/site\/#\/schema\/logo\/image\/"},"sameAs":["https:\/\/www.facebook.com\/SegTecnologia","https:\/\/www.instagram.com\/seg.tecnologia\/","https:\/\/www.linkedin.com\/company\/seg-tecnologia"]}]}},"_links":{"self":[{"href":"https:\/\/seg.eti.br\/site\/wp-json\/wp\/v2\/pages\/1345"}],"collection":[{"href":"https:\/\/seg.eti.br\/site\/wp-json\/wp\/v2\/pages"}],"about":[{"href":"https:\/\/seg.eti.br\/site\/wp-json\/wp\/v2\/types\/page"}],"author":[{"embeddable":true,"href":"https:\/\/seg.eti.br\/site\/wp-json\/wp\/v2\/users\/3"}],"replies":[{"embeddable":true,"href":"https:\/\/seg.eti.br\/site\/wp-json\/wp\/v2\/comments?post=1345"}],"version-history":[{"count":24,"href":"https:\/\/seg.eti.br\/site\/wp-json\/wp\/v2\/pages\/1345\/revisions"}],"predecessor-version":[{"id":1523,"href":"https:\/\/seg.eti.br\/site\/wp-json\/wp\/v2\/pages\/1345\/revisions\/1523"}],"wp:attachment":[{"href":"https:\/\/seg.eti.br\/site\/wp-json\/wp\/v2\/media?parent=1345"}],"curies":[{"name":"wp","href":"https:\/\/api.w.org\/{rel}","templated":true}]}}